{"id":4577,"date":"2023-10-07T00:18:32","date_gmt":"2023-10-06T23:18:32","guid":{"rendered":"https:\/\/kokainbestellen.com\/?post_type=product&#038;p=4577"},"modified":"2025-10-14T20:24:22","modified_gmt":"2025-10-14T19:24:22","slug":"bolivien-kokain-online-kaufen","status":"publish","type":"product","link":"https:\/\/kokainbestellen.com\/fr\/product\/acheter-de-la-cocaine-en-ligne-en-bolivie\/","title":{"rendered":"Bolivie Acheter de la coca\u00efne en ligne"},"content":{"rendered":"<h1>Bolivie Acheter de la coca\u00efne en ligne<\/h1>\n<p><strong>Bolivie Acheter de la coca\u00efne en ligne<\/strong> Alors que la Bolivie produit environ 40 \u00e0 45 pour cent de la production mondiale de feuilles et de p\u00e2te de coca, la for\u00eat tropicale de Chapare, dans le d\u00e9partement de Cochabamba, fournit \u00e0 elle seule 70 pour cent de la r\u00e9colte de feuilles de coca du pays. Les agriculteurs des hautes terres qui ont \u00e9migr\u00e9 ici ont d\u00e9frich\u00e9 des dizaines de milliers d&#039;acres de terres foresti\u00e8res pour cultiver la plante sur de petites parcelles.<strong> Coca\u00efne de Bolivie 86%<\/strong><\/p>\n<h2 class=\"LC20lb MBeuO DKV0Md\">Acheter de la coca\u00efne en Bolivie<\/h2>\n<p>Cependant, la production de p\u00e2te de coca et le commerce international ont traditionnellement \u00e9t\u00e9 le domaine d&#039;\u00e9lites telles que les \u00e9leveurs du d\u00e9partement de Beni, les groupes agro-industriels du d\u00e9partement de Santa Cruz et un petit groupe au sein de l&#039;arm\u00e9e bolivienne. Mais lorsqu&#039;un important groupe militaire de trafiquants de drogue a perdu le pouvoir national en 1982 et qu&#039;un gouvernement civil et d\u00e9mocratique a pris le pouvoir, les agriculteurs de Cochabamba ont commenc\u00e9 \u00e0 produire de la p\u00e2te de coca en raison des b\u00e9n\u00e9fices et des salaires sans pr\u00e9c\u00e9dent. <strong><a href=\"https:\/\/www.zeit.de\/1990\/08\/es-gibt-hier-nichts-anderes\/seite-3\">Coca\u00efne bolivienne<\/a> Achetez et commandez de la coca\u00efne de Bolivie en ligne maintenant<\/strong><\/p>\n<h3><\/h3>\n<h3 class=\"LC20lb MBeuO DKV0Md\">Acheter de la coca\u00efne en Bolivie<\/h3>\n<p>Les effets de la coca\u00efne surviennent presque imm\u00e9diatement apr\u00e8s une dose unique et disparaissent en quelques minutes \u00e0 une heure. Petites quantit\u00e9s <a href=\"https:\/\/kokainbestellen.com\/fr\/\">coca\u00efne<\/a> provoquent g\u00e9n\u00e9ralement chez l&#039;utilisateur un sentiment d&#039;euphorie, d&#039;\u00e9nergie, de bavardage, d&#039;alerte mentale et d&#039;hypersensibilit\u00e9 aux images, aux sons et au toucher. La drogue peut \u00e9galement r\u00e9duire temporairement le besoin de nourriture et de sommeil.14 Certains consommateurs trouvent que la coca\u00efne les aide \u00e0 accomplir plus rapidement des t\u00e2ches physiques et mentales simples, tandis que d&#039;autres ressentent l&#039;effet inverse. <strong>Fournisseur de coca\u00efne Bolivie<\/strong><\/p>\n<h3 class=\"LC20lb MBeuO DKV0Md\">Acheter 1g de coca\u00efne en Bolivie \u2013<\/h3>\n<p>&nbsp;<\/p>\n<h3 class=\"LC20lb MBeuO DKV0Md\">Commandez d\u00e8s maintenant de la coca\u00efne de Bolivie en ligne<\/h3>\n<p>&nbsp;<\/p>\n<p>&nbsp;<\/p>\n<p>&nbsp;<\/p>","protected":false},"excerpt":{"rendered":"<p>\u2713Toutes les exp\u00e9ditions depuis l&#039;Allemagne<br \/>\n\u2713Exp\u00e9dition furtive opaque et scell\u00e9e sous vide<br \/>\n\u2713Payez de mani\u00e8re anonyme avec Bitcoin\/Crypto<br \/>\n\u2713Protection compl\u00e8te des donn\u00e9es gr\u00e2ce au cryptage<\/p>\n<p>La meilleure neige directement de Bolivie. Effet agr\u00e9able mais permet de rester concentr\u00e9, id\u00e9al pour l&#039;homme d&#039;affaires<\/p>","protected":false},"featured_media":4792,"comment_status":"open","ping_status":"closed","template":"","meta":{"site-sidebar-layout":"default","site-content-layout":"default","ast-site-content-layout":"default","site-content-style":"default","site-sidebar-style":"default","ast-global-header-display":"","ast-banner-title-visibility":"","ast-main-header-display":"","ast-hfb-above-header-display":"","ast-hfb-below-header-display":"","ast-hfb-mobile-header-display":"","site-post-title":"","ast-breadcrumbs-content":"","ast-featured-img":"","footer-sml-layout":"","ast-disable-related-posts":"","theme-transparent-header-meta":"default","adv-header-id-meta":"","stick-header-meta":"","header-above-stick-meta":"","header-main-stick-meta":"","header-below-stick-meta":"","astra-migrate-meta-layouts":"default","ast-page-background-enabled":"default","ast-page-background-meta":{"desktop":{"background-color":"","background-image":"","background-repeat":"repeat","background-position":"center center","background-size":"auto","background-attachment":"scroll","background-type":"","background-media":"","overlay-type":"","overlay-color":"","overlay-opacity":"","overlay-gradient":""},"tablet":{"background-color":"","background-image":"","background-repeat":"repeat","background-position":"center center","background-size":"auto","background-attachment":"scroll","background-type":"","background-media":"","overlay-type":"","overlay-color":"","overlay-opacity":"","overlay-gradient":""},"mobile":{"background-color":"","background-image":"","background-repeat":"repeat","background-position":"center center","background-size":"auto","background-attachment":"scroll","background-type":"","background-media":"","overlay-type":"","overlay-color":"","overlay-opacity":"","overlay-gradient":""}},"ast-content-background-meta":{"desktop":{"background-color":"var(--ast-global-color-5)","background-image":"","background-repeat":"repeat","background-position":"center center","background-size":"auto","background-attachment":"scroll","background-type":"","background-media":"","overlay-type":"","overlay-color":"","overlay-opacity":"","overlay-gradient":""},"tablet":{"background-color":"var(--ast-global-color-5)","background-image":"","background-repeat":"repeat","background-position":"center center","background-size":"auto","background-attachment":"scroll","background-type":"","background-media":"","overlay-type":"","overlay-color":"","overlay-opacity":"","overlay-gradient":""},"mobile":{"background-color":"var(--ast-global-color-5)","background-image":"","background-repeat":"repeat","background-position":"center center","background-size":"auto","background-attachment":"scroll","background-type":"","background-media":"","overlay-type":"","overlay-color":"","overlay-opacity":"","overlay-gradient":""}}},"product_brand":[],"product_cat":[237],"product_tag":[70,82,74,76,79,80,77,73,72,85,71,68,86,83,84,87,88],"class_list":{"0":"post-4577","1":"product","2":"type-product","3":"status-publish","4":"has-post-thumbnail","6":"product_cat-kokain","7":"product_tag-bester-ort","8":"product_tag-billiges-kokain-aus-bolivien","9":"product_tag-bolivien-kokain-groshandel","10":"product_tag-bolivien-kokain-legal-kaufen","11":"product_tag-bolivien-kokain-online-in-meiner-nahe-kaufen","12":"product_tag-bolivien-kokain-online-kaufen","13":"product_tag-bolivien-kokain-online-kaufen-deutschland","14":"product_tag-bolivien-kokain-preis","15":"product_tag-bolivien-kokain-zu-verkaufen","16":"product_tag-legitimes-bolivianisches-kokain-online","17":"product_tag-um-bolivien-kokain-zu-bestellen","18":"product_tag-vorteile-von-bolivien-kokain","19":"product_tag-was-ist-bolivia-kokain","20":"product_tag-wie-bekomme-ich-das-beste-bolivianische-kokain","21":"product_tag-wie-bestelle-ich-bolivianisches-kokain","22":"product_tag-wo-kann-ich-bolivien-kokain-kaufen","23":"product_tag-wo-kann-man-bolivien-kokain-kaufen","24":"desktop-align-left","25":"tablet-align-left","26":"mobile-align-left","28":"first","29":"instock","30":"shipping-taxable","31":"purchasable","32":"product-type-variable"},"aioseo_notices":[],"_links":{"self":[{"href":"https:\/\/kokainbestellen.com\/fr\/wp-json\/wp\/v2\/product\/4577","targetHints":{"allow":["GET"]}}],"collection":[{"href":"https:\/\/kokainbestellen.com\/fr\/wp-json\/wp\/v2\/product"}],"about":[{"href":"https:\/\/kokainbestellen.com\/fr\/wp-json\/wp\/v2\/types\/product"}],"replies":[{"embeddable":true,"href":"https:\/\/kokainbestellen.com\/fr\/wp-json\/wp\/v2\/comments?post=4577"}],"version-history":[{"count":8,"href":"https:\/\/kokainbestellen.com\/fr\/wp-json\/wp\/v2\/product\/4577\/revisions"}],"predecessor-version":[{"id":4812,"href":"https:\/\/kokainbestellen.com\/fr\/wp-json\/wp\/v2\/product\/4577\/revisions\/4812"}],"wp:featuredmedia":[{"embeddable":true,"href":"https:\/\/kokainbestellen.com\/fr\/wp-json\/wp\/v2\/media\/4792"}],"wp:attachment":[{"href":"https:\/\/kokainbestellen.com\/fr\/wp-json\/wp\/v2\/media?parent=4577"}],"wp:term":[{"taxonomy":"product_brand","embeddable":true,"href":"https:\/\/kokainbestellen.com\/fr\/wp-json\/wp\/v2\/product_brand?post=4577"},{"taxonomy":"product_cat","embeddable":true,"href":"https:\/\/kokainbestellen.com\/fr\/wp-json\/wp\/v2\/product_cat?post=4577"},{"taxonomy":"product_tag","embeddable":true,"href":"https:\/\/kokainbestellen.com\/fr\/wp-json\/wp\/v2\/product_tag?post=4577"}],"curies":[{"name":"wp","href":"https:\/\/api.w.org\/{rel}","templated":true}]}}