{"id":4610,"date":"2023-10-07T01:27:30","date_gmt":"2023-10-07T00:27:30","guid":{"rendered":"https:\/\/kokainbestellen.com\/?post_type=product&#038;p=4610"},"modified":"2025-11-01T12:08:13","modified_gmt":"2025-11-01T12:08:13","slug":"fischschuppen-kokain-online-kaufen","status":"publish","type":"product","link":"https:\/\/kokainbestellen.com\/fr\/product\/acheter-de-la-cocaine-en-ecailles-de-poisson-en-ligne\/","title":{"rendered":"Acheter de la coca\u00efne en \u00e9cailles de poisson en ligne"},"content":{"rendered":"<h3 class=\"LC20lb MBeuO DKV0Md\">Acheter de la coca\u00efne en \u00e9cailles de poisson en ligne<\/h3>\n<p class=\"LC20lb MBeuO DKV0Md\"><strong>Des \u00e9cailles de poisson <a href=\"https:\/\/kokainbestellen.com\/fr\/\">Acheter de la coca\u00efne en ligne<\/a><\/strong> , La coca\u00efne typique achet\u00e9e dans la rue est une poudre blanche ou l\u00e9g\u00e8rement blanc cass\u00e9 qui a un go\u00fbt amer au go\u00fbt et provoque un engourdissement de la bouche et de la langue. La coca\u00efne tr\u00e8s puissante a un aspect blanc nacr\u00e9. On l&#039;appelle coca\u00efne en \u00e9cailles de poisson en raison de son \u00e9clat iris\u00e9. Ce type de coca\u00efne est beaucoup plus pur que le coca ordinaire. En fait, la coca\u00efne habituellement vendue dans la rue n&#039;est pure qu&#039;\u00e0 environ 60 % en raison des additifs qu&#039;elle contient. La coca\u00efne fabriqu\u00e9e \u00e0 partir d&#039;\u00e9cailles de poisson est g\u00e9n\u00e9ralement pure \u00e0 90 % et contient beaucoup moins d&#039;additifs. <strong>5 grammes de coca\u00efne en \u00e9cailles de poisson 97%<\/strong> , <strong>Les d\u00e9buts de la coca\u00efne \u00e0 \u00e9cailles de poisson, coca\u00efne \u00e0 \u00e9cailles de poisson \u00e0 vendre en ligne 95%, coca\u00efne \u00e0 \u00e9cailles de poisson \u00e0 vendre Archives, 10 g 95 % PURE FISH SHELL COCAINE, commander de la coca\u00efne \u00e0 \u00e9cailles de poisson, acheter de la coca\u00efne \u00e0 \u00e9cailles de poisson en ligne, acheter de la coca\u00efne en ligne en toute confiance<\/strong><\/p>\n<h2 class=\"LC20lb MBeuO DKV0Md\">Acheter des \u00e9cailles de poisson de coca\u00efne en ligne Archives<\/h2>\n<p>Quels sont les effets secondaires du fumage de coke d\u2019\u00e9cailles de poisson ?<br \/>\nLa coca\u00efne fabriqu\u00e9e \u00e0 partir d&#039;\u00e9cailles de poisson est plus pure et donc beaucoup plus forte que <a href=\"https:\/\/www.worldcat.org\/\">coca\u00efne ordinaire<\/a>. Cela signifie que c\u2019est plus dangereux et que les effets secondaires peuvent \u00eatre beaucoup plus graves. Certains des sympt\u00f4mes et effets secondaires les plus courants li\u00e9s \u00e0 la consommation de coca\u00efne pure comprennent\u00a0: <strong>Archives des accros \u00e0 la coca\u00efne \u00e0 base d&#039;\u00e9cailles de poisson, commandez de la coca\u00efne \u00e0 base d&#039;\u00e9cailles de poisson, les d\u00e9buts de la coca\u00efne \u00e0 base d&#039;\u00e9cailles de poisson, achetez de la coca\u00efne \u00e0 base d&#039;\u00e9cailles de poisson en ligne, coca\u00efne \u00e0 base d&#039;\u00e9cailles de poisson \u00e0 vendre, commandez de la coca\u00efne \u00e0 base d&#039;\u00e9cailles de poisson en ligne<\/strong><\/p>\n<p>Peur et parano\u00efa<br \/>\nPsychose parano\u00efaque<br \/>\nSurstimulation<br \/>\nHyperactivit\u00e9<br \/>\nRythme cardiaque augment\u00e9<br \/>\nPerte d&#039;app\u00e9tit<br \/>\nAugmentation de la pression art\u00e9rielle<br \/>\nHallucinations<br \/>\nHallucinations tactiles<br \/>\nCrises de panique<br \/>\nnaus\u00e9e<br \/>\naccident vasculaire c\u00e9r\u00e9bral<br \/>\nDommages cardiaques<br \/>\nCrise cardiaque<br \/>\nSurdosage<br \/>\nLa mort<br \/>\nLe sentiment euphorique que procure la coca\u00efne et la courte dur\u00e9e de l\u2019effet conduisent souvent les consommateurs \u00e0 en consommer de plus en plus. Chez les utilisateurs inexp\u00e9riment\u00e9s qui n\u2019ont pas d\u00e9velopp\u00e9 de tol\u00e9rance au m\u00e9dicament, cela peut entra\u00eener une surdose et la mort.<strong> Acheter de la coca\u00efne en \u00e9cailles de poisson en ligne<\/strong><\/p>\n<h3 class=\"LC20lb MBeuO DKV0Md\"><strong>Commandez de la coca\u00efne en \u00e9cailles de poisson en ligne,<\/strong><\/h3>\n<h3>O\u00f9 acheter de la coca\u00efne en \u00e9cailles de poisson en ligne ?<\/h3>\n<p>Options de traitement pour la d\u00e9pendance \u00e0 la coca\u00efne<br \/>\nLa coca\u00efne tr\u00e8s puissante peut entra\u00eener une plus grande d\u00e9pendance, des risques plus \u00e9lev\u00e9s et des sympt\u00f4mes de sevrage plus graves entre les consommateurs. Si vous en avez assez du cycle de la d\u00e9pendance, Zinnia Health peut vous aider \u00e0 trouver la voie \u00e0 suivre.<strong> Coca\u00efne \u00e0 \u00e9cailles de poisson en gros, acheter de la coca\u00efne \u00e0 \u00e9cailles de poisson en ligne, coca\u00efne \u00e0 \u00e9cailles de poisson, archives de toxicomanes \u00e0 l&#039;\u00e9chelle de poisson, 5 grammes de coca\u00efne \u00e0 \u00e9cailles de poisson 97%<\/strong><\/p>\n<p>Dans notre centre de r\u00e9adaptation ultramoderne, nous proposons une combinaison de programmes hospitaliers et ambulatoires adapt\u00e9s aux besoins de chaque individu. Nos sp\u00e9cialistes du r\u00e9tablissement attentionn\u00e9s et exp\u00e9riment\u00e9s fournissent\u00a0:<\/p>\n<p>D\u00e9sintoxication m\u00e9dicamenteuse assist\u00e9e par m\u00e9dicaments (MAT)<br \/>\nConseils personnalis\u00e9s et accompagnement pendant votre convalescence<br \/>\nTraitement des troubles concomitants, y compris la d\u00e9pression majeure<br \/>\nGroupes de soutien par les pairs guid\u00e9s et conseils familiaux<\/p>\n<p>&nbsp;<\/p>\n<h4 class=\"LC20lb MBeuO DKV0Md\">\u00c9cailles de poisson Coca\u00efne Cocaina Pura Imprim\u00e9 Noir<\/h4>\n<p>&nbsp;<\/p>\n<h3><\/h3>\n<h3 class=\"LC20lb MBeuO DKV0Md\"><\/h3>\n<h1 class=\"product-title product_title entry-title\"><\/h1>","protected":false},"excerpt":{"rendered":"<p>Fischschuppen Kokain online kaufen Fischschuppen Kokain online kaufen , Das typische Kokain, das auf der Stra\u00dfe gekauft wird, ist ein wei\u00dfes oder leicht cremefarbenes Pulver, das beim Probieren bitter schmeckt und ein Taubheitsgef\u00fchl im Mund und auf der Zunge verursacht. Hochwirksames Kokain hat ein perlwei\u00dfes Aussehen. Wegen seines schillernden Glanzes wird es Fischschuppenkokain genannt. Diese [&hellip;]<\/p>\n","protected":false},"featured_media":4817,"comment_status":"open","ping_status":"closed","template":"","meta":{"site-sidebar-layout":"default","site-content-layout":"default","ast-site-content-layout":"default","site-content-style":"default","site-sidebar-style":"default","ast-global-header-display":"","ast-banner-title-visibility":"","ast-main-header-display":"","ast-hfb-above-header-display":"","ast-hfb-below-header-display":"","ast-hfb-mobile-header-display":"","site-post-title":"","ast-breadcrumbs-content":"","ast-featured-img":"","footer-sml-layout":"","ast-disable-related-posts":"","theme-transparent-header-meta":"default","adv-header-id-meta":"","stick-header-meta":"","header-above-stick-meta":"","header-main-stick-meta":"","header-below-stick-meta":"","astra-migrate-meta-layouts":"default","ast-page-background-enabled":"default","ast-page-background-meta":{"desktop":{"background-color":"","background-image":"","background-repeat":"repeat","background-position":"center center","background-size":"auto","background-attachment":"scroll","background-type":"","background-media":"","overlay-type":"","overlay-color":"","overlay-opacity":"","overlay-gradient":""},"tablet":{"background-color":"","background-image":"","background-repeat":"repeat","background-position":"center center","background-size":"auto","background-attachment":"scroll","background-type":"","background-media":"","overlay-type":"","overlay-color":"","overlay-opacity":"","overlay-gradient":""},"mobile":{"background-color":"","background-image":"","background-repeat":"repeat","background-position":"center center","background-size":"auto","background-attachment":"scroll","background-type":"","background-media":"","overlay-type":"","overlay-color":"","overlay-opacity":"","overlay-gradient":""}},"ast-content-background-meta":{"desktop":{"background-color":"var(--ast-global-color-5)","background-image":"","background-repeat":"repeat","background-position":"center center","background-size":"auto","background-attachment":"scroll","background-type":"","background-media":"","overlay-type":"","overlay-color":"","overlay-opacity":"","overlay-gradient":""},"tablet":{"background-color":"var(--ast-global-color-5)","background-image":"","background-repeat":"repeat","background-position":"center center","background-size":"auto","background-attachment":"scroll","background-type":"","background-media":"","overlay-type":"","overlay-color":"","overlay-opacity":"","overlay-gradient":""},"mobile":{"background-color":"var(--ast-global-color-5)","background-image":"","background-repeat":"repeat","background-position":"center center","background-size":"auto","background-attachment":"scroll","background-type":"","background-media":"","overlay-type":"","overlay-color":"","overlay-opacity":"","overlay-gradient":""}}},"product_brand":[],"product_cat":[237],"product_tag":[146,148,153,90,119,120,151,121,122,123,124,125,147,126,127,150,128,145,149,129,130,131,132,133,134,135,136,137,154,138,144,143,155,139,140,152,141,156,157,142],"class_list":{"0":"post-4610","1":"product","2":"type-product","3":"status-publish","4":"has-post-thumbnail","6":"product_cat-kokain","7":"product_tag-bester-ort-um-fischschuppen-deutschland-zu-bestellen","8":"product_tag-billiges-fischschuppen-kokain","9":"product_tag-como-pedir-cocaina-en-escamas-de-pescado","10":"product_tag-der-beste-ort","11":"product_tag-die-anfange-von-fischschuppen-kokain","12":"product_tag-die-anfange-von-fishscale-cocaine","13":"product_tag-fischschuppen-kokain-groshandel","14":"product_tag-fischschuppen-kokain-gunstig-groshandel","15":"product_tag-fischschuppen-kokain-gunstig-online-kaufen","16":"product_tag-fischschuppen-kokain-in-meiner-nahe-bestellen","17":"product_tag-fischschuppen-kokain-in-meiner-nahe-kaufen-deutschland","18":"product_tag-fischschuppen-kokain-kaufen-in-deutschland","19":"product_tag-fischschuppen-kokain-online-in-meiner-nahe-kaufen","20":"product_tag-fischschuppen-kokain-online-kaufen","21":"product_tag-fischschuppen-kokain-online-kaufen-de","22":"product_tag-fischschuppen-kokain-preis","23":"product_tag-fischschuppen-kokain-pulverpreise","24":"product_tag-fischschuppenkokain-legal-kaufen","25":"product_tag-fischschuppenkokain-zu-verkaufen","26":"product_tag-kokain","27":"product_tag-kokain-auch-online-kaufen","28":"product_tag-kokain-kaufen","29":"product_tag-kokain-online","30":"product_tag-kokain-online-kauf","31":"product_tag-kokain-online-kaufe","32":"product_tag-kokain-online-kaufen","33":"product_tag-kokain-te-koop","34":"product_tag-kokain-te-koop-online-kaufen","35":"product_tag-legales-fischschuppen-kokain-online","36":"product_tag-symptome-von-fischschuppenkoks","37":"product_tag-um-fischschuppen-kokain-zu-bestellen","38":"product_tag-vorteile-von-fischschuppen-kokain","39":"product_tag-was-ist-fischschuppen-kokain","40":"product_tag-was-ist-kokain-cola","41":"product_tag-was-sind-die-nebenwirkungen-von-fischschuppen-kokainpulver","42":"product_tag-wie-bekomme-ich-das-beste-fischschuppen-kokain","43":"product_tag-wie-kann-man-fischschuppen-kokainpulver-gunstig-kaufen","44":"product_tag-wo-kann-ich-fischschuppen-kokain-kaufen","45":"product_tag-wo-kann-man-fischschuppenkokain-kaufen","46":"product_tag-woher-kommt-fischschuppen-kokainpulver","47":"desktop-align-left","48":"tablet-align-left","49":"mobile-align-left","51":"first","52":"instock","53":"shipping-taxable","54":"purchasable","55":"product-type-variable"},"aioseo_notices":[],"_links":{"self":[{"href":"https:\/\/kokainbestellen.com\/fr\/wp-json\/wp\/v2\/product\/4610","targetHints":{"allow":["GET"]}}],"collection":[{"href":"https:\/\/kokainbestellen.com\/fr\/wp-json\/wp\/v2\/product"}],"about":[{"href":"https:\/\/kokainbestellen.com\/fr\/wp-json\/wp\/v2\/types\/product"}],"replies":[{"embeddable":true,"href":"https:\/\/kokainbestellen.com\/fr\/wp-json\/wp\/v2\/comments?post=4610"}],"version-history":[{"count":5,"href":"https:\/\/kokainbestellen.com\/fr\/wp-json\/wp\/v2\/product\/4610\/revisions"}],"predecessor-version":[{"id":4816,"href":"https:\/\/kokainbestellen.com\/fr\/wp-json\/wp\/v2\/product\/4610\/revisions\/4816"}],"wp:featuredmedia":[{"embeddable":true,"href":"https:\/\/kokainbestellen.com\/fr\/wp-json\/wp\/v2\/media\/4817"}],"wp:attachment":[{"href":"https:\/\/kokainbestellen.com\/fr\/wp-json\/wp\/v2\/media?parent=4610"}],"wp:term":[{"taxonomy":"product_brand","embeddable":true,"href":"https:\/\/kokainbestellen.com\/fr\/wp-json\/wp\/v2\/product_brand?post=4610"},{"taxonomy":"product_cat","embeddable":true,"href":"https:\/\/kokainbestellen.com\/fr\/wp-json\/wp\/v2\/product_cat?post=4610"},{"taxonomy":"product_tag","embeddable":true,"href":"https:\/\/kokainbestellen.com\/fr\/wp-json\/wp\/v2\/product_tag?post=4610"}],"curies":[{"name":"wp","href":"https:\/\/api.w.org\/{rel}","templated":true}]}}