{"id":4620,"date":"2023-10-07T01:42:29","date_gmt":"2023-10-07T00:42:29","guid":{"rendered":"https:\/\/kokainbestellen.com\/?post_type=product&#038;p=4620"},"modified":"2025-10-14T20:25:26","modified_gmt":"2025-10-14T19:25:26","slug":"mexikanisches-kokain-online-kaufen","status":"publish","type":"product","link":"https:\/\/kokainbestellen.com\/fr\/product\/acheter-de-la-cocaine-mexicaine-en-ligne\/","title":{"rendered":"Acheter de la coca\u00efne mexicaine en ligne"},"content":{"rendered":"<h2>Acheter de la coca\u00efne mexicaine en ligne<\/h2>\n<p>Achetez de la coca\u00efne mexicaine en ligne, <a href=\"https:\/\/www.dea.gov\/factsheets\/cocaine\">coca\u00efne<\/a> est une drogue stimulante. Ils acc\u00e9l\u00e8rent la transmission des messages entre le cerveau et le corps.<\/p>\n<p>La coca\u00efne est d\u00e9riv\u00e9e des feuilles de la plante de coca (Erythroxylum coca), originaire d&#039;Am\u00e9rique du Sud.1 L&#039;extrait de feuille est trait\u00e9 pour produire trois formes diff\u00e9rentes de coca\u00efne\u00a0: <a href=\"https:\/\/kokainbestellen.com\/fr\/\"><strong>Achat de cocaine<\/strong><\/a><\/p>\n<h3 class=\"LC20lb MBeuO DKV0Md\">Coca\u00efne mexicaine en ligne<\/h3>\n<p>Chlorhydrate de coca\u00efne\u00a0: une fine poudre blanche au go\u00fbt amer et narcotique.2 Le chlorhydrate de coca\u00efne est souvent m\u00e9lang\u00e9 ou \u00ab coup\u00e9 \u00bb avec d\u2019autres substances telles que la lidoca\u00efne, le talc ou le sucre pour le diluer avant la vente.2<br \/>\nBase libre\u00a0: une poudre blanche plus pure que le chlorhydrate de coca\u00efne.3<br \/>\nFissure : Cristaux allant du blanc ou cr\u00e8me au transparent avec une teinte rose ou jaune. Il peut contenir des impuret\u00e9s.3<\/p>\n<p>&nbsp;<\/p>\n<h3>O\u00f9 acheter de la coca\u00efne mexicaine en ligne ?<\/h3>\n<h3 class=\"LC20lb MBeuO DKV0Md\"><\/h3>\n<p>&nbsp;<\/p>","protected":false},"excerpt":{"rendered":"<p>Acheter de la coca\u00efne mexicaine en ligne<\/p>","protected":false},"featured_media":4823,"comment_status":"open","ping_status":"closed","template":"","meta":{"site-sidebar-layout":"default","site-content-layout":"default","ast-site-content-layout":"default","site-content-style":"default","site-sidebar-style":"default","ast-global-header-display":"","ast-banner-title-visibility":"","ast-main-header-display":"","ast-hfb-above-header-display":"","ast-hfb-below-header-display":"","ast-hfb-mobile-header-display":"","site-post-title":"","ast-breadcrumbs-content":"","ast-featured-img":"","footer-sml-layout":"","ast-disable-related-posts":"","theme-transparent-header-meta":"default","adv-header-id-meta":"","stick-header-meta":"","header-above-stick-meta":"","header-main-stick-meta":"","header-below-stick-meta":"","astra-migrate-meta-layouts":"default","ast-page-background-enabled":"default","ast-page-background-meta":{"desktop":{"background-color":"","background-image":"","background-repeat":"repeat","background-position":"center center","background-size":"auto","background-attachment":"scroll","background-type":"","background-media":"","overlay-type":"","overlay-color":"","overlay-opacity":"","overlay-gradient":""},"tablet":{"background-color":"","background-image":"","background-repeat":"repeat","background-position":"center center","background-size":"auto","background-attachment":"scroll","background-type":"","background-media":"","overlay-type":"","overlay-color":"","overlay-opacity":"","overlay-gradient":""},"mobile":{"background-color":"","background-image":"","background-repeat":"repeat","background-position":"center center","background-size":"auto","background-attachment":"scroll","background-type":"","background-media":"","overlay-type":"","overlay-color":"","overlay-opacity":"","overlay-gradient":""}},"ast-content-background-meta":{"desktop":{"background-color":"var(--ast-global-color-5)","background-image":"","background-repeat":"repeat","background-position":"center center","background-size":"auto","background-attachment":"scroll","background-type":"","background-media":"","overlay-type":"","overlay-color":"","overlay-opacity":"","overlay-gradient":""},"tablet":{"background-color":"var(--ast-global-color-5)","background-image":"","background-repeat":"repeat","background-position":"center center","background-size":"auto","background-attachment":"scroll","background-type":"","background-media":"","overlay-type":"","overlay-color":"","overlay-opacity":"","overlay-gradient":""},"mobile":{"background-color":"var(--ast-global-color-5)","background-image":"","background-repeat":"repeat","background-position":"center center","background-size":"auto","background-attachment":"scroll","background-type":"","background-media":"","overlay-type":"","overlay-color":"","overlay-opacity":"","overlay-gradient":""}}},"product_brand":[],"product_cat":[237],"product_tag":[163,164,90,161,162,166,169,168,160,167,159,158,170,165,171,172],"class_list":{"0":"post-4620","1":"product","2":"type-product","3":"status-publish","4":"has-post-thumbnail","6":"product_cat-kokain","7":"product_tag-billiges-mexikanisches-kokain","8":"product_tag-como-puedo-conseguir-la-mejor-cocaina-mexicana","9":"product_tag-der-beste-ort","10":"product_tag-kaufen-sie-mexikanisches-kokain-online-deutschland","11":"product_tag-kaufen-sie-mexikanisches-kokain-online-in-meiner-nahe","12":"product_tag-legitimes-mexikanisches-kokain-online","13":"product_tag-mexikanischer-kokain-groshandel","14":"product_tag-mexikanischer-kokainpreis","15":"product_tag-mexikanisches-kokain-legal-kaufen","16":"product_tag-mexikanisches-kokain-zu-verkaufen","17":"product_tag-um-mexikanisches-kokain-zu-bestellen","18":"product_tag-vorteile-von-mexikanischem-kokain","19":"product_tag-was-ist-mexikanisches-kokain","20":"product_tag-wie-bestelle-ich-mexikanisches-kokain","21":"product_tag-wo-kann-ich-mexikanisches-kokain-kaufen","22":"product_tag-wo-kann-man-mexikanisches-kokain-kaufen","23":"desktop-align-left","24":"tablet-align-left","25":"mobile-align-left","27":"first","28":"instock","29":"shipping-taxable","30":"purchasable","31":"product-type-variable"},"aioseo_notices":[],"_links":{"self":[{"href":"https:\/\/kokainbestellen.com\/fr\/wp-json\/wp\/v2\/product\/4620","targetHints":{"allow":["GET"]}}],"collection":[{"href":"https:\/\/kokainbestellen.com\/fr\/wp-json\/wp\/v2\/product"}],"about":[{"href":"https:\/\/kokainbestellen.com\/fr\/wp-json\/wp\/v2\/types\/product"}],"replies":[{"embeddable":true,"href":"https:\/\/kokainbestellen.com\/fr\/wp-json\/wp\/v2\/comments?post=4620"}],"version-history":[{"count":5,"href":"https:\/\/kokainbestellen.com\/fr\/wp-json\/wp\/v2\/product\/4620\/revisions"}],"predecessor-version":[{"id":4825,"href":"https:\/\/kokainbestellen.com\/fr\/wp-json\/wp\/v2\/product\/4620\/revisions\/4825"}],"wp:featuredmedia":[{"embeddable":true,"href":"https:\/\/kokainbestellen.com\/fr\/wp-json\/wp\/v2\/media\/4823"}],"wp:attachment":[{"href":"https:\/\/kokainbestellen.com\/fr\/wp-json\/wp\/v2\/media?parent=4620"}],"wp:term":[{"taxonomy":"product_brand","embeddable":true,"href":"https:\/\/kokainbestellen.com\/fr\/wp-json\/wp\/v2\/product_brand?post=4620"},{"taxonomy":"product_cat","embeddable":true,"href":"https:\/\/kokainbestellen.com\/fr\/wp-json\/wp\/v2\/product_cat?post=4620"},{"taxonomy":"product_tag","embeddable":true,"href":"https:\/\/kokainbestellen.com\/fr\/wp-json\/wp\/v2\/product_tag?post=4620"}],"curies":[{"name":"wp","href":"https:\/\/api.w.org\/{rel}","templated":true}]}}