{"id":4631,"date":"2023-10-07T01:55:38","date_gmt":"2023-10-07T00:55:38","guid":{"rendered":"https:\/\/kokainbestellen.com\/?post_type=product&#038;p=4631"},"modified":"2025-11-01T12:08:57","modified_gmt":"2025-11-01T12:08:57","slug":"kaufen-sie-peruanisches-kokain-online","status":"publish","type":"product","link":"https:\/\/kokainbestellen.com\/fr\/product\/acheter-de-la-cocaine-peruvienne-en-ligne\/","title":{"rendered":"Acheter de la coca\u00efne p\u00e9ruvienne en ligne"},"content":{"rendered":"<h1>Acheter de la coca\u00efne p\u00e9ruvienne en ligne<\/h1>\n<p>Achetez de la coca\u00efne p\u00e9ruvienne en ligne, la culture p\u00e9ruvienne de coca s&#039;est \u00e0 nouveau d\u00e9velopp\u00e9e, passant de 61\u00a0777 hectares en 2020 \u00e0 un niveau historique de 80\u00a0681 hectares en 2021. Cela fournira de plus grandes quantit\u00e9s de cet ingr\u00e9dient de base, qui, selon l&#039;Office des Nations Unies contre la drogue, est n\u00e9cessaire \u00e0 la population mondiale toujours croissante. <a href=\"https:\/\/insightcrime.org\/news\/analysis\/why-peru-top-cocaine-producer\/\">Production de coca\u00efne<\/a> Selon le Rapport mondial sur les drogues 2021 de l&#039;ONUDC, ce nombre a doubl\u00e9 entre 2014 et 2019, avant d&#039;augmenter encore de 11 % entre 2019 et 2020, <strong>Achetez de la coca\u00efne p\u00e9ruvienne 92% pure, commandez de la coca\u00efne p\u00e9ruvienne en ligne, achetez de la coca\u00efne rose p\u00e9ruvienne en ligne, achetez de la coca\u00efne p\u00e9ruvienne, achetez de la coca\u00efne p\u00e9ruvienne 92% dans la boutique en ligne, de la coca\u00efne p\u00e9ruvienne, <a href=\"https:\/\/kokainbestellen.com\/fr\/\">Acheter du Coca en ligne\u00a0<\/a><\/strong><\/p>\n<p>&nbsp;<\/p>\n<h3 class=\"LC20lb MBeuO DKV0Md\">Commandez en ligne de la coca\u00efne p\u00e9ruvienne de haute qualit\u00e9<\/h3>\n<p>Malgr\u00e9 cette augmentation de la production, l&#039;\u00e9conomie de la coca\u00efne ne semble pas avoir atteint ses limites, m\u00eame sur les march\u00e9s traditionnels des \u00c9tats-Unis et de l&#039;Europe occidentale, o\u00f9 l&#039;offre continue de cro\u00eetre rapidement. Les prix restent stables \u00e0 mesure que les organisations criminelles \u00e9largissent leur client\u00e8le sur ces march\u00e9s traditionnels tout en prenant pied sur de nouveaux march\u00e9s. <strong>Commandez en ligne de la coca\u00efne p\u00e9ruvienne de haute qualit\u00e9, <\/strong><strong>ACHETER DE LA COCAINE P\u00c9RUVIENNE EN LIGNE, Acheter de la coca\u00efne p\u00e9ruvienne en ligne<\/strong><\/p>\n<p>&nbsp;<\/p>\n<p>&nbsp;<\/p>","protected":false},"excerpt":{"rendered":"<p><strong>Acheter de la coca\u00efne p\u00e9ruvienne 92% pure<\/strong><\/p>","protected":false},"featured_media":4835,"comment_status":"open","ping_status":"closed","template":"","meta":{"site-sidebar-layout":"default","site-content-layout":"default","ast-site-content-layout":"default","site-content-style":"default","site-sidebar-style":"default","ast-global-header-display":"","ast-banner-title-visibility":"","ast-main-header-display":"","ast-hfb-above-header-display":"","ast-hfb-below-header-display":"","ast-hfb-mobile-header-display":"","site-post-title":"","ast-breadcrumbs-content":"","ast-featured-img":"","footer-sml-layout":"","ast-disable-related-posts":"","theme-transparent-header-meta":"default","adv-header-id-meta":"","stick-header-meta":"","header-above-stick-meta":"","header-main-stick-meta":"","header-below-stick-meta":"","astra-migrate-meta-layouts":"default","ast-page-background-enabled":"default","ast-page-background-meta":{"desktop":{"background-color":"","background-image":"","background-repeat":"repeat","background-position":"center center","background-size":"auto","background-attachment":"scroll","background-type":"","background-media":"","overlay-type":"","overlay-color":"","overlay-opacity":"","overlay-gradient":""},"tablet":{"background-color":"","background-image":"","background-repeat":"repeat","background-position":"center center","background-size":"auto","background-attachment":"scroll","background-type":"","background-media":"","overlay-type":"","overlay-color":"","overlay-opacity":"","overlay-gradient":""},"mobile":{"background-color":"","background-image":"","background-repeat":"repeat","background-position":"center center","background-size":"auto","background-attachment":"scroll","background-type":"","background-media":"","overlay-type":"","overlay-color":"","overlay-opacity":"","overlay-gradient":""}},"ast-content-background-meta":{"desktop":{"background-color":"var(--ast-global-color-5)","background-image":"","background-repeat":"repeat","background-position":"center center","background-size":"auto","background-attachment":"scroll","background-type":"","background-media":"","overlay-type":"","overlay-color":"","overlay-opacity":"","overlay-gradient":""},"tablet":{"background-color":"var(--ast-global-color-5)","background-image":"","background-repeat":"repeat","background-position":"center center","background-size":"auto","background-attachment":"scroll","background-type":"","background-media":"","overlay-type":"","overlay-color":"","overlay-opacity":"","overlay-gradient":""},"mobile":{"background-color":"var(--ast-global-color-5)","background-image":"","background-repeat":"repeat","background-position":"center center","background-size":"auto","background-attachment":"scroll","background-type":"","background-media":"","overlay-type":"","overlay-color":"","overlay-opacity":"","overlay-gradient":""}}},"product_brand":[],"product_cat":[237],"product_tag":[178,90,186,181,184,183,175,176,177,182,174,173,185,179,180,187],"class_list":{"0":"post-4631","1":"product","2":"type-product","3":"status-publish","4":"has-post-thumbnail","6":"product_cat-kokain","7":"product_tag-billiges-peruanisches-kokain","8":"product_tag-der-beste-ort","9":"product_tag-donde-puedo-comprar-cocaina-peruana","10":"product_tag-legitimes-peruanisches-kokain-online","11":"product_tag-peruanischer-kokain-groshandel","12":"product_tag-peruanischer-kokainpreis","13":"product_tag-peruanisches-kokain-legal-kaufen","14":"product_tag-peruanisches-kokain-online-deutschland-kaufen","15":"product_tag-peruanisches-kokain-online-in-meiner-nahe-kaufen","16":"product_tag-peruanisches-kokain-zu-verkaufen","17":"product_tag-um-peruanisches-kokain-zu-bestellen","18":"product_tag-vorteile-von-peruanischem-kokain","19":"product_tag-was-ist-peruanisches-kokain","20":"product_tag-wie-bekomme-ich-das-beste-peruanische-kokain","21":"product_tag-wie-bestellt-man-peruanisches-kokain","22":"product_tag-wo-kann-man-peruanisches-kokain-kaufen","23":"desktop-align-left","24":"tablet-align-left","25":"mobile-align-left","27":"first","28":"instock","29":"shipping-taxable","30":"purchasable","31":"product-type-variable"},"aioseo_notices":[],"_links":{"self":[{"href":"https:\/\/kokainbestellen.com\/fr\/wp-json\/wp\/v2\/product\/4631","targetHints":{"allow":["GET"]}}],"collection":[{"href":"https:\/\/kokainbestellen.com\/fr\/wp-json\/wp\/v2\/product"}],"about":[{"href":"https:\/\/kokainbestellen.com\/fr\/wp-json\/wp\/v2\/types\/product"}],"replies":[{"embeddable":true,"href":"https:\/\/kokainbestellen.com\/fr\/wp-json\/wp\/v2\/comments?post=4631"}],"version-history":[{"count":7,"href":"https:\/\/kokainbestellen.com\/fr\/wp-json\/wp\/v2\/product\/4631\/revisions"}],"predecessor-version":[{"id":4837,"href":"https:\/\/kokainbestellen.com\/fr\/wp-json\/wp\/v2\/product\/4631\/revisions\/4837"}],"wp:featuredmedia":[{"embeddable":true,"href":"https:\/\/kokainbestellen.com\/fr\/wp-json\/wp\/v2\/media\/4835"}],"wp:attachment":[{"href":"https:\/\/kokainbestellen.com\/fr\/wp-json\/wp\/v2\/media?parent=4631"}],"wp:term":[{"taxonomy":"product_brand","embeddable":true,"href":"https:\/\/kokainbestellen.com\/fr\/wp-json\/wp\/v2\/product_brand?post=4631"},{"taxonomy":"product_cat","embeddable":true,"href":"https:\/\/kokainbestellen.com\/fr\/wp-json\/wp\/v2\/product_cat?post=4631"},{"taxonomy":"product_tag","embeddable":true,"href":"https:\/\/kokainbestellen.com\/fr\/wp-json\/wp\/v2\/product_tag?post=4631"}],"curies":[{"name":"wp","href":"https:\/\/api.w.org\/{rel}","templated":true}]}}