{"id":4664,"date":"2023-10-07T12:42:41","date_gmt":"2023-10-07T11:42:41","guid":{"rendered":"https:\/\/kokainbestellen.com\/?post_type=product&#038;p=4664"},"modified":"2025-09-24T02:33:41","modified_gmt":"2025-09-24T01:33:41","slug":"kaufen-sie-braunes-kokain-online","status":"publish","type":"product","link":"https:\/\/kokainbestellen.com\/fr\/product\/acheter-de-la-cocaine-brune-en-ligne\/","title":{"rendered":"Acheter de la coca\u00efne brune en ligne"},"content":{"rendered":"<h1>Acheter de la coca\u00efne brune en ligne<\/h1>\n<p><strong>Acheter de la coca\u00efne brune en ligne<\/strong> , Braunbraun est une forme pr\u00e9sum\u00e9e d&#039;insufflation de coca\u00efne ou d&#039;amph\u00e9tamine m\u00e9lang\u00e9e \u00e0 de la poudre \u00e0 canon sans fum\u00e9e. Cette poudre contient souvent de la nitroglyc\u00e9rine, un m\u00e9dicament prescrit pour les maladies cardiaques qui peut provoquer une vasodilatation, provoquant <a href=\"https:\/\/www.rosecrance.org\/wp-content\/uploads\/2018\/09\/US-Crack-Cocaine-2016.pdf\">coca\u00efne<\/a>\u2013 ou l\u2019insufflation d\u2019amph\u00e9tamine peut se d\u00e9placer plus librement dans le corps. Ceci, \u00e0 son tour, permettrait un effet plus intense. Le terme peut \u00e9galement d\u00e9signer l&#039;h\u00e9ro\u00efne. , coca\u00efne brune, acheter du marron <a href=\"https:\/\/kokainbestellen.com\/fr\/\">Coca\u00efne en ligne<\/a><\/p>\n<h3 class=\"LC20lb MBeuO DKV0Md\">Acheter de l&#039;h\u00e9ro\u00efne brune 99% pure en ligne<\/h3>\n<h1 class=\"product_title entry-title\">coca\u00efne brune<\/h1>\n<p>Acheter de la coca\u00efne brune en ligne<\/p>","protected":false},"excerpt":{"rendered":"<p>Acheter de la coca\u00efne brune en ligne<\/p>","protected":false},"featured_media":4852,"comment_status":"open","ping_status":"closed","template":"","meta":{"site-sidebar-layout":"default","site-content-layout":"default","ast-site-content-layout":"default","site-content-style":"default","site-sidebar-style":"default","ast-global-header-display":"","ast-banner-title-visibility":"","ast-main-header-display":"","ast-hfb-above-header-display":"","ast-hfb-below-header-display":"","ast-hfb-mobile-header-display":"","site-post-title":"","ast-breadcrumbs-content":"","ast-featured-img":"","footer-sml-layout":"","ast-disable-related-posts":"","theme-transparent-header-meta":"default","adv-header-id-meta":"","stick-header-meta":"","header-above-stick-meta":"","header-main-stick-meta":"","header-below-stick-meta":"","astra-migrate-meta-layouts":"default","ast-page-background-enabled":"default","ast-page-background-meta":{"desktop":{"background-color":"","background-image":"","background-repeat":"repeat","background-position":"center center","background-size":"auto","background-attachment":"scroll","background-type":"","background-media":"","overlay-type":"","overlay-color":"","overlay-opacity":"","overlay-gradient":""},"tablet":{"background-color":"","background-image":"","background-repeat":"repeat","background-position":"center center","background-size":"auto","background-attachment":"scroll","background-type":"","background-media":"","overlay-type":"","overlay-color":"","overlay-opacity":"","overlay-gradient":""},"mobile":{"background-color":"","background-image":"","background-repeat":"repeat","background-position":"center center","background-size":"auto","background-attachment":"scroll","background-type":"","background-media":"","overlay-type":"","overlay-color":"","overlay-opacity":"","overlay-gradient":""}},"ast-content-background-meta":{"desktop":{"background-color":"var(--ast-global-color-5)","background-image":"","background-repeat":"repeat","background-position":"center center","background-size":"auto","background-attachment":"scroll","background-type":"","background-media":"","overlay-type":"","overlay-color":"","overlay-opacity":"","overlay-gradient":""},"tablet":{"background-color":"var(--ast-global-color-5)","background-image":"","background-repeat":"repeat","background-position":"center center","background-size":"auto","background-attachment":"scroll","background-type":"","background-media":"","overlay-type":"","overlay-color":"","overlay-opacity":"","overlay-gradient":""},"mobile":{"background-color":"var(--ast-global-color-5)","background-image":"","background-repeat":"repeat","background-position":"center center","background-size":"auto","background-attachment":"scroll","background-type":"","background-media":"","overlay-type":"","overlay-color":"","overlay-opacity":"","overlay-gradient":""}}},"product_brand":[],"product_cat":[237],"product_tag":[192,188,193,189,194,195,190,196,191,201,200,205,204,223,224,202,203,207,225,206,218,198,197,236,135,217,199,222,220,219,221,95,208,226,209,210,227,211,228,214,212,229,230,213,231,235,215,233,232,234],"class_list":{"0":"post-4664","1":"product","2":"type-product","3":"status-publish","4":"has-post-thumbnail","6":"product_cat-kokain","7":"product_tag-arctic-wolf-heroin-online-kaufen","8":"product_tag-arctic-wolf-heroin-zu-verkaufen","9":"product_tag-black-tar-heroin-online-kaufen","10":"product_tag-black-tar-heroin-zu-verkaufen","11":"product_tag-bolivianisches-kokain-kaufen","12":"product_tag-bolivianisches-kokain-online-kaufen","13":"product_tag-bolivianisches-kokain-zu-verkaufen","14":"product_tag-brown-heroin-online-kaufen","15":"product_tag-brown-heroin-zu-verkaufen","16":"product_tag-cola-gunstig-online-kaufen","17":"product_tag-cola-online-kaufen","18":"product_tag-crack-online-gunstig-kaufen","19":"product_tag-crack-online-kaufen","20":"product_tag-crack-zu-verkaufen","21":"product_tag-crack-zum-verkauf-online","22":"product_tag-crack-kokain-kaufen","23":"product_tag-crack-kokain-online-kaufen","24":"product_tag-heroin-online-kaufen","25":"product_tag-heroin-zum-verkauf","26":"product_tag-hochwertiges-kokain-kaufen-und-andere-drogen-online","27":"product_tag-kokain-crack-zu-verkaufen","28":"product_tag-kokain-gunstig-online-kaufen","29":"product_tag-kokain-kaufen-crack-online","30":"product_tag-kokain-online-bitcoin-kaufen","31":"product_tag-kokain-online-kaufen","32":"product_tag-kokain-online-kaufen-in-hoher-qualitat","33":"product_tag-kokain-online-mit-kreditkarte-kaufen","34":"product_tag-kokain-online-zu-verkaufen","35":"product_tag-kokain-weises-pulver","36":"product_tag-kokain-zu-verkaufen","37":"product_tag-koks-zu-verkaufen","38":"product_tag-kolumbianisches-kokain-zu-verkaufen","39":"product_tag-lavada-kokain-online-kaufen","40":"product_tag-lavada-kokain-zum-verkauf","41":"product_tag-mexikanisches-kokain-kaufen","42":"product_tag-mexikanisches-kokain-online-kaufen","43":"product_tag-mexikanisches-kokain-zum-verkauf","44":"product_tag-peruanisches-kokain-online-kaufen","45":"product_tag-peruanisches-kokain-zum-verkauf","46":"product_tag-reines-crack-online-kaufen","47":"product_tag-reines-kokain-online-kaufen","48":"product_tag-reines-kokain-zum-verkauf","49":"product_tag-reines-kokainpulver-zum-verkauf-online","50":"product_tag-reines-koks-online-kaufen","51":"product_tag-reines-kolumbianisches-kokain-online","52":"product_tag-weises-kokainpulver","53":"product_tag-weises-kokainpulver-online-kaufen","54":"product_tag-wo-kaufen-sie-echtes-koks-online","55":"product_tag-wo-man-echtes-kokain-online-kaufen-kann","56":"product_tag-wo-sie-echten-crack-online-kaufen-konnen","57":"desktop-align-left","58":"tablet-align-left","59":"mobile-align-left","61":"first","62":"instock","63":"shipping-taxable","64":"purchasable","65":"product-type-variable"},"aioseo_notices":[],"_links":{"self":[{"href":"https:\/\/kokainbestellen.com\/fr\/wp-json\/wp\/v2\/product\/4664","targetHints":{"allow":["GET"]}}],"collection":[{"href":"https:\/\/kokainbestellen.com\/fr\/wp-json\/wp\/v2\/product"}],"about":[{"href":"https:\/\/kokainbestellen.com\/fr\/wp-json\/wp\/v2\/types\/product"}],"replies":[{"embeddable":true,"href":"https:\/\/kokainbestellen.com\/fr\/wp-json\/wp\/v2\/comments?post=4664"}],"version-history":[{"count":5,"href":"https:\/\/kokainbestellen.com\/fr\/wp-json\/wp\/v2\/product\/4664\/revisions"}],"predecessor-version":[{"id":4853,"href":"https:\/\/kokainbestellen.com\/fr\/wp-json\/wp\/v2\/product\/4664\/revisions\/4853"}],"wp:featuredmedia":[{"embeddable":true,"href":"https:\/\/kokainbestellen.com\/fr\/wp-json\/wp\/v2\/media\/4852"}],"wp:attachment":[{"href":"https:\/\/kokainbestellen.com\/fr\/wp-json\/wp\/v2\/media?parent=4664"}],"wp:term":[{"taxonomy":"product_brand","embeddable":true,"href":"https:\/\/kokainbestellen.com\/fr\/wp-json\/wp\/v2\/product_brand?post=4664"},{"taxonomy":"product_cat","embeddable":true,"href":"https:\/\/kokainbestellen.com\/fr\/wp-json\/wp\/v2\/product_cat?post=4664"},{"taxonomy":"product_tag","embeddable":true,"href":"https:\/\/kokainbestellen.com\/fr\/wp-json\/wp\/v2\/product_tag?post=4664"}],"curies":[{"name":"wp","href":"https:\/\/api.w.org\/{rel}","templated":true}]}}